{"id":16,"date":"2012-05-23T00:06:34","date_gmt":"2012-05-23T05:06:34","guid":{"rendered":"http:\/\/unorthodoxcreativity.com\/emky\/?page_id=16"},"modified":"2012-05-23T01:20:34","modified_gmt":"2012-05-23T06:20:34","slug":"maahes","status":"publish","type":"page","link":"http:\/\/unorthodoxcreativity.com\/emky\/the-five-netjeru\/maahes\/","title":{"rendered":"Ma&#8217;ahes"},"content":{"rendered":"<p><i>Please note, lovely readers: All of this is a work-in-progress. It will change as I continue digging through books and other sources. Do not take this as a rock-solid encyclopedic entry at any point. :)<\/i><\/p>\n<p>Hail Ma&#8217;ahes, the Living Lion, my brother; I gather old truths about You in honor of Your name.<\/p>\n<h3>attributes<\/h3>\n<p>&#8211; war<br \/>\n&#8212; destroyer of enemies<br \/>\n&#8212; devourer of enemies<br \/>\n&#8212; executioner<br \/>\n&#8212; punishes those who go against ma&#8217;at (truth\/balance\/justice)<br \/>\n&#8211; guardian\/protector<br \/>\n&#8212; of sacred places (shrines, sanctuaries, temples)<br \/>\n&#8212; of the innocent<br \/>\n&#8212; of Ra&#8217;s night-barque<br \/>\n&#8211; storms, darkness, and winds (Greek)<br \/>\n&#8211; personification of the summer heat<br \/>\n&#8211; horizons<br \/>\n&#8211; perfumes and oils (via His connection to Nefertem)<\/p>\n<h3>forms<\/h3>\n<p>&#8211; a lion<br \/>\n&#8212; wearing a sun-disk crown<br \/>\n&#8212; wearing a sun-disk and uraeus<br \/>\n&#8212; wearing Nefertem&#8217;s crown (either floral emblem or falcon + floral emblem)<br \/>\n&#8212; bearing knives (or a reed-leaf to symbolize the knife)<br \/>\n&#8212; with lotus buds<br \/>\n&#8211; a lion-headed man<br \/>\n&#8212; carrying a large knife<br \/>\n&#8212; wearing the atef crown<br \/>\n&#8212; wearing the double crown (indicating Heru-Ma&#8217;ahes)<br \/>\n&#8212; holding an ankh<br \/>\n&#8212; holding the <i>was<\/i> scepter<\/p>\n<h3>relationships<\/h3>\n<p>&#8211; son of Bast<br \/>\n&#8211; son of Ptah<br \/>\n&#8211; son of Sekhmet<br \/>\n&#8211; son of Ra \/ Amun-Ra<br \/>\n&#8211; brother of Nefertem through Sekhmet<br \/>\n&#8211; occasionally identified with Nefertem<br \/>\n&#8211; syncretized with Heru of Hebenu as Heru-Ma&#8217;ahes<br \/>\n&#8211; brother of Heru-Hekenu through Bast<br \/>\n&#8211; equated with the Kushite lion god Apedemak<br \/>\n&#8211; connected to Anhur (Onuris)<br \/>\n&#8211; connected to Shu<\/p>\n<h3>epithets (non-exhaustive list; there are more)<\/h3>\n<p>&#8211; True Before Her (referring to Ma&#8217;at)<br \/>\n&#8211; The Great God<br \/>\n&#8211; The Raging Lion<br \/>\n&#8211; Wielder of the Knife<br \/>\n&#8211; The Scarlet Lord<br \/>\n&#8211; Lord of the Massacre<br \/>\n&#8211; The Lion<br \/>\n&#8211; The Noble God<br \/>\n&#8211; The Living Lion<br \/>\n&#8211; The Noble Power<br \/>\n&#8211; The Great Protector<br \/>\n&#8211; The Son of Bast<br \/>\n&#8211; The Son of the Goddess<br \/>\n&#8211; He of the Loud Roar<br \/>\n&#8211; He of the Grim Face<br \/>\n&#8211; He of the Great Roar<br \/>\n&#8211; He of the Great Respect<br \/>\n&#8211; He of the Raging Moment<br \/>\n&#8211; He of the Strong Body<br \/>\n&#8211; He of the Great Power<br \/>\n&#8211; Whose Arms Are Strong<br \/>\n&#8211; Whose Eyes Are Reddened<br \/>\n&#8211; The Lord of Bubastis<br \/>\n&#8211; The Lord of the Foreign Lands<br \/>\n&#8211; He Who Kills Adversaries<br \/>\n&#8211; He Who Robs Hearts<br \/>\n&#8211; He Who Devours Hearts<br \/>\n&#8211; He Who Dwells Amongst His Enemies<br \/>\n&#8211; Son of Bast, Lord of slaughter, Who Is Pleased With Your Blood (&#8220;your&#8221; here indicating an enemy)<br \/>\n&#8211; He Who Dwells In The Midst of the Oasis<br \/>\n&#8211; He Who Protects Sanctuaries From Isfet<br \/>\n&#8211; The Kindly One (Greek-given, Furies-related)<br \/>\n&#8211; Helper of the Wise Ones<br \/>\n&#8211; Avenger of Wrongs<\/p>\n<h3>notes<\/h3>\n<p>&#8211; His major cult centers were in Bubastis and Leontopolis.<br \/>\n&#8211; Ma&#8217;ahes is a word meaning &#8220;lion&#8221; from the Pyramid Texts; it did not indicate Ma&#8217;ahes-the-god until the Middle Kingdom.<br \/>\n&#8211; Inscription at Abaton: &#8220;To be said by Ma&#8217;ahes: I enter against them, my hands holding the knife, in this my name of the Raging Lion (Ma&#8217;ahes).&#8221;<br \/>\n&#8211; Poem: <a href=\"http:\/\/www.lasvegasmikey.com\/poem-maahes.htm\">Beloved Maahes<\/a> by Terri Sharp<\/p>\n<h3>Primary Sources<\/h3>\n<p><i>The Complete Gods and Goddesses of Ancient Egypt<\/i> (Richard H. Wilkinson)<br \/>\n<i>Bast and Sekhmet: Eyes of Ra<\/i> (S. Constantine and E. Coquio)<br \/>\n<a href=\"http:\/\/www.touregypt.net\/featurestories\/maahes.htm\" target=\"_blank\">TourEgypt.net<\/a><br \/>\n<i>Ma&#8217;ahes Essay<\/i> (Lena J. Rosa) &#8211; sources cited include:<br \/>\n&#8212; \u00c9douard Naville. Bubastis. 1887-1889 . pp 48-49.<br \/>\n&#8212; Labib Habachi. Tell Basta Suppl\u00e9ment ASAE 22. 1957. pp 46-47, pp 52-53.<br \/>\n&#8212; \u017dabkar, Louis. Apedemak, Lion god of Meroe. Warminster, Eng: Aris &#038; Phillips, 1975. pp 52-70.<br \/>\n&#8212; Leitz, Christian, and Dagmar Budde. Lexikon der \u00e4gyptischen G\u00f6tter und G\u00f6tterbezeichnungen. 3. Peeters Publishers, 2002. pp 211-212.<br \/>\n&#8212; Tamara Siuda, M.A., Oriental Institute of the University of Chicago<\/p>\n","protected":false},"excerpt":{"rendered":"<p>Please note, lovely readers: All of this is a work-in-progress. It will change as I continue digging through books and other sources. Do not take this as a rock-solid encyclopedic entry at any point. :) Hail Ma&#8217;ahes, the Living Lion, my brother; I gather old truths about You in honor of Your name. attributes &#8211; [&hellip;]<\/p>\n","protected":false},"author":1,"featured_media":0,"parent":7,"menu_order":3,"comment_status":"closed","ping_status":"open","template":"","meta":[],"_links":{"self":[{"href":"http:\/\/unorthodoxcreativity.com\/emky\/wp-json\/wp\/v2\/pages\/16"}],"collection":[{"href":"http:\/\/unorthodoxcreativity.com\/emky\/wp-json\/wp\/v2\/pages"}],"about":[{"href":"http:\/\/unorthodoxcreativity.com\/emky\/wp-json\/wp\/v2\/types\/page"}],"author":[{"embeddable":true,"href":"http:\/\/unorthodoxcreativity.com\/emky\/wp-json\/wp\/v2\/users\/1"}],"replies":[{"embeddable":true,"href":"http:\/\/unorthodoxcreativity.com\/emky\/wp-json\/wp\/v2\/comments?post=16"}],"version-history":[{"count":5,"href":"http:\/\/unorthodoxcreativity.com\/emky\/wp-json\/wp\/v2\/pages\/16\/revisions"}],"predecessor-version":[{"id":83,"href":"http:\/\/unorthodoxcreativity.com\/emky\/wp-json\/wp\/v2\/pages\/16\/revisions\/83"}],"up":[{"embeddable":true,"href":"http:\/\/unorthodoxcreativity.com\/emky\/wp-json\/wp\/v2\/pages\/7"}],"wp:attachment":[{"href":"http:\/\/unorthodoxcreativity.com\/emky\/wp-json\/wp\/v2\/media?parent=16"}],"curies":[{"name":"wp","href":"https:\/\/api.w.org\/{rel}","templated":true}]}}